{"id":7919,"date":"2021-11-02T12:47:26","date_gmt":"2021-11-02T12:47:26","guid":{"rendered":"https:\/\/hit-the-sky.at\/?page_id=7919"},"modified":"2025-09-22T16:00:14","modified_gmt":"2025-09-22T16:00:14","slug":"guestnet","status":"publish","type":"page","link":"https:\/\/hit-the-sky.at\/en\/guestnet\/","title":{"rendered":"Guestnet"},"content":{"rendered":"\t\t<div data-elementor-type=\"wp-page\" data-elementor-id=\"7919\" class=\"elementor elementor-7919\" data-elementor-post-type=\"page\">\n\t\t\t\t\t\t<section class=\"elementor-section elementor-top-section elementor-element elementor-element-8aa930b elementor-section-full_width elementor-section-column-vertical-align-top elementor-section-stretched elementor-section-height-min-height elementor-section-items-top elementor-section-height-default\" data-id=\"8aa930b\" data-element_type=\"section\" data-settings=\"{&quot;stretch_section&quot;:&quot;section-stretched&quot;,&quot;background_background&quot;:&quot;classic&quot;}\">\n\t\t\t\t\t\t<div class=\"elementor-container elementor-column-gap-no\">\n\t\t\t\t\t<div class=\"elementor-column elementor-col-100 elementor-top-column elementor-element elementor-element-6b207b9\" data-id=\"6b207b9\" data-element_type=\"column\" data-settings=\"{&quot;background_background&quot;:&quot;classic&quot;}\">\n\t\t\t<div class=\"elementor-widget-wrap elementor-element-populated\">\n\t\t\t\t\t\t<div class=\"elementor-element elementor-element-098cd1d elementor-widget elementor-widget-image\" data-id=\"098cd1d\" data-element_type=\"widget\" data-settings=\"{&quot;motion_fx_motion_fx_scrolling&quot;:&quot;yes&quot;,&quot;motion_fx_translateY_effect&quot;:&quot;yes&quot;,&quot;motion_fx_translateY_direction&quot;:&quot;negative&quot;,&quot;motion_fx_translateY_affectedRange&quot;:{&quot;unit&quot;:&quot;%&quot;,&quot;size&quot;:&quot;&quot;,&quot;sizes&quot;:{&quot;start&quot;:29,&quot;end&quot;:82}},&quot;motion_fx_translateY_speed&quot;:{&quot;unit&quot;:&quot;px&quot;,&quot;size&quot;:9,&quot;sizes&quot;:[]},&quot;motion_fx_devices&quot;:[&quot;desktop&quot;,&quot;tablet&quot;,&quot;mobile&quot;]}\" data-widget_type=\"image.default\">\n\t\t\t\t<div class=\"elementor-widget-container\">\n\t\t\t\t\t\t\t\t\t\t\t\t\t\t\t<img fetchpriority=\"high\" decoding=\"async\" width=\"262\" height=\"300\" src=\"https:\/\/hit-the-sky.at\/wp-content\/uploads\/2020\/10\/say-hello.png\" class=\"attachment-full size-full wp-image-6037\" alt=\"Say Hello to Sports Hotel Hit the Sky\" srcset=\"https:\/\/hit-the-sky.at\/wp-content\/uploads\/2020\/10\/say-hello.png 262w, https:\/\/hit-the-sky.at\/wp-content\/uploads\/2020\/10\/say-hello-10x12.png 10w\" sizes=\"(max-width: 262px) 100vw, 262px\" \/>\t\t\t\t\t\t\t\t\t\t\t\t\t\t\t<\/div>\n\t\t\t\t<\/div>\n\t\t\t\t\t<\/div>\n\t\t<\/div>\n\t\t\t\t\t<\/div>\n\t\t<\/section>\n\t\t\t\t<section class=\"elementor-section elementor-top-section elementor-element elementor-element-2c1a523 elementor-section-column-vertical-align-top elementor-section-boxed elementor-section-gap-beside-yes elementor-section-height-default elementor-section-height-default elementor-section-content-align-center\" data-id=\"2c1a523\" data-element_type=\"section\" data-settings=\"{&quot;background_background&quot;:&quot;classic&quot;}\">\n\t\t\t\t\t\t\t<div class=\"elementor-background-overlay\"><\/div>\n\t\t\t\t\t\t\t<div class=\"elementor-container elementor-column-gap-extended\">\n\t\t\t\t\t<div class=\"elementor-column elementor-col-100 elementor-top-column elementor-element elementor-element-b8588de\" data-id=\"b8588de\" data-element_type=\"column\">\n\t\t\t<div class=\"elementor-widget-wrap elementor-element-populated\">\n\t\t\t\t\t\t<div class=\"elementor-element elementor-element-8db4968 elementor-widget elementor-widget-heading\" data-id=\"8db4968\" data-element_type=\"widget\" data-widget_type=\"heading.default\">\n\t\t\t\t<div class=\"elementor-widget-container\">\n\t\t\t\t\t<h1 class=\"elementor-heading-title elementor-size-default\">Immer bestens informiert<\/h1>\t\t\t\t<\/div>\n\t\t\t\t<\/div>\n\t\t\t\t<div class=\"elementor-element elementor-element-4da952f elementor-widget elementor-widget-heading\" data-id=\"4da952f\" data-element_type=\"widget\" data-widget_type=\"heading.default\">\n\t\t\t\t<div class=\"elementor-widget-container\">\n\t\t\t\t\t<h4 class=\"elementor-heading-title elementor-size-default\">Alles Wichtige f\u00fcr deinen Tag<\/h4>\t\t\t\t<\/div>\n\t\t\t\t<\/div>\n\t\t\t\t<div class=\"elementor-element elementor-element-d574664 elementor-widget__width-inherit elementor-align-center elementor-widget elementor-widget-tm-button\" data-id=\"d574664\" data-element_type=\"widget\" data-widget_type=\"tm-button.default\">\n\t\t\t\t<div class=\"elementor-widget-container\">\n\t\t\t\t\t\t\t<div class=\"tm-button-wrapper\">\n\t\t\t<a href=\"https:\/\/www.skiarlberg.at\/de\" target=\"_blank\" class=\"tm-button-link tm-button style-flat tm-button-nm icon-\" role=\"button\">\n\t\t\t\t\t\t<div class=\"button-content-wrapper\">\n\t\t\t\n\t\t\t\t\t\t\t<span class=\"button-text\">Pisteninfos<\/span>\n\t\t\t\n\t\t\t\t\t<\/div>\n\t\t\n\t\t\t\t\t\t\t<\/a>\n\t\t<\/div>\n\t\t\t\t\t\t<\/div>\n\t\t\t\t<\/div>\n\t\t\t\t<div class=\"elementor-element elementor-element-3c9b0ca elementor-widget__width-inherit elementor-align-center elementor-hidden-desktop elementor-hidden-tablet elementor-hidden-mobile elementor-widget elementor-widget-tm-button\" data-id=\"3c9b0ca\" data-element_type=\"widget\" data-widget_type=\"tm-button.default\">\n\t\t\t\t<div class=\"elementor-widget-container\">\n\t\t\t\t\t\t\t<div class=\"tm-button-wrapper\">\n\t\t\t<a href=\"https:\/\/hit-the-sky.at\/bar\/\" class=\"tm-button-link tm-button style-flat tm-button-nm icon-\" role=\"button\">\n\t\t\t\t\t\t<div class=\"button-content-wrapper\">\n\t\t\t\n\t\t\t\t\t\t\t<span class=\"button-text\">Getr\u00e4nkekarte<\/span>\n\t\t\t\n\t\t\t\t\t<\/div>\n\t\t\n\t\t\t\t\t\t\t<\/a>\n\t\t<\/div>\n\t\t\t\t\t\t<\/div>\n\t\t\t\t<\/div>\n\t\t\t\t<div class=\"elementor-element elementor-element-a39fa7a elementor-widget__width-inherit elementor-align-center elementor-hidden-desktop elementor-hidden-tablet elementor-hidden-mobile elementor-widget elementor-widget-tm-button\" data-id=\"a39fa7a\" data-element_type=\"widget\" data-widget_type=\"tm-button.default\">\n\t\t\t\t<div class=\"elementor-widget-container\">\n\t\t\t\t\t\t\t<div class=\"tm-button-wrapper\">\n\t\t\t<a href=\"https:\/\/hit-the-sky.at\/wp-content\/uploads\/2024\/12\/HTS_Barkarte.pdf\" class=\"tm-button-link tm-button style-flat tm-button-nm icon-\" role=\"button\">\n\t\t\t\t\t\t<div class=\"button-content-wrapper\">\n\t\t\t\n\t\t\t\t\t\t\t<span class=\"button-text\">Barkarte<\/span>\n\t\t\t\n\t\t\t\t\t<\/div>\n\t\t\n\t\t\t\t\t\t\t<\/a>\n\t\t<\/div>\n\t\t\t\t\t\t<\/div>\n\t\t\t\t<\/div>\n\t\t\t\t<div class=\"elementor-element elementor-element-af2cec4 elementor-widget__width-inherit elementor-align-center elementor-hidden-desktop elementor-hidden-tablet elementor-hidden-mobile elementor-widget elementor-widget-tm-button\" data-id=\"af2cec4\" data-element_type=\"widget\" data-widget_type=\"tm-button.default\">\n\t\t\t\t<div class=\"elementor-widget-container\">\n\t\t\t\t\t\t\t<div class=\"tm-button-wrapper\">\n\t\t\t<a href=\"https:\/\/hit-the-sky.at\/wp-content\/uploads\/2024\/12\/HTS_Weinkarte-1.pdf\" class=\"tm-button-link tm-button style-flat tm-button-nm icon-\" role=\"button\">\n\t\t\t\t\t\t<div class=\"button-content-wrapper\">\n\t\t\t\n\t\t\t\t\t\t\t<span class=\"button-text\">Weinkarte<\/span>\n\t\t\t\n\t\t\t\t\t<\/div>\n\t\t\n\t\t\t\t\t\t\t<\/a>\n\t\t<\/div>\n\t\t\t\t\t\t<\/div>\n\t\t\t\t<\/div>\n\t\t\t\t<div class=\"elementor-element elementor-element-dbcd0af elementor-widget__width-inherit elementor-align-center elementor-hidden-desktop elementor-hidden-tablet elementor-hidden-mobile elementor-widget elementor-widget-tm-button\" data-id=\"dbcd0af\" data-element_type=\"widget\" data-widget_type=\"tm-button.default\">\n\t\t\t\t<div class=\"elementor-widget-container\">\n\t\t\t\t\t\t\t<div class=\"tm-button-wrapper\">\n\t\t\t<a href=\"https:\/\/hit-the-sky.at\/wp-content\/uploads\/2024\/12\/HTS_Weinbeschreibung-1.pdf\" class=\"tm-button-link tm-button style-flat tm-button-nm icon-\" role=\"button\">\n\t\t\t\t\t\t<div class=\"button-content-wrapper\">\n\t\t\t\n\t\t\t\t\t\t\t<span class=\"button-text\">Weinbeschreibung<\/span>\n\t\t\t\n\t\t\t\t\t<\/div>\n\t\t\n\t\t\t\t\t\t\t<\/a>\n\t\t<\/div>\n\t\t\t\t\t\t<\/div>\n\t\t\t\t<\/div>\n\t\t\t\t<div class=\"elementor-element elementor-element-e3b6afc elementor-widget__width-inherit elementor-align-center elementor-widget elementor-widget-tm-button\" data-id=\"e3b6afc\" data-element_type=\"widget\" data-widget_type=\"tm-button.default\">\n\t\t\t\t<div class=\"elementor-widget-container\">\n\t\t\t\t\t\t\t<div class=\"tm-button-wrapper\">\n\t\t\t<a href=\"https:\/\/hit-the-sky.at\/wp-content\/uploads\/2024\/12\/Massagen-Hit-the-Sky.pdf\" class=\"tm-button-link tm-button style-flat tm-button-nm icon-\" role=\"button\">\n\t\t\t\t\t\t<div class=\"button-content-wrapper\">\n\t\t\t\n\t\t\t\t\t\t\t<span class=\"button-text\">SPA Men\u00fc<\/span>\n\t\t\t\n\t\t\t\t\t<\/div>\n\t\t\n\t\t\t\t\t\t\t<\/a>\n\t\t<\/div>\n\t\t\t\t\t\t<\/div>\n\t\t\t\t<\/div>\n\t\t\t\t<div class=\"elementor-element elementor-element-2d932fb elementor-widget__width-inherit elementor-align-center elementor-widget elementor-widget-tm-button\" data-id=\"2d932fb\" data-element_type=\"widget\" data-widget_type=\"tm-button.default\">\n\t\t\t\t<div class=\"elementor-widget-container\">\n\t\t\t\t\t\t\t<div class=\"tm-button-wrapper\">\n\t\t\t<a href=\"https:\/\/www.lechtal-guiding.com\/\" class=\"tm-button-link tm-button style-flat tm-button-nm icon-\" role=\"button\">\n\t\t\t\t\t\t<div class=\"button-content-wrapper\">\n\t\t\t\n\t\t\t\t\t\t\t<span class=\"button-text\">Book a Guide<\/span>\n\t\t\t\n\t\t\t\t\t<\/div>\n\t\t\n\t\t\t\t\t\t\t<\/a>\n\t\t<\/div>\n\t\t\t\t\t\t<\/div>\n\t\t\t\t<\/div>\n\t\t\t\t<div class=\"elementor-element elementor-element-85829ff elementor-widget elementor-widget-heading\" data-id=\"85829ff\" data-element_type=\"widget\" data-widget_type=\"heading.default\">\n\t\t\t\t<div class=\"elementor-widget-container\">\n\t\t\t\t\t<h4 class=\"elementor-heading-title elementor-size-default\">Du hast etwas zu Hause vergessen? Kein Problem. Wir helfen dir an unserer Rezeption gerne weiter.<\/h4>\t\t\t\t<\/div>\n\t\t\t\t<\/div>\n\t\t\t\t\t<\/div>\n\t\t<\/div>\n\t\t\t\t\t<\/div>\n\t\t<\/section>\n\t\t\t\t<\/div>\n\t\t","protected":false},"excerpt":{"rendered":"<p>Immer bestens informiert Alles Wichtige f\u00fcr deinen Tag Pisteninfos Getr\u00e4nkekarte Barkarte Weinkarte Weinbeschreibung SPA Men\u00fc Book a Guide Du hast etwas zu Hause vergessen? Kein Problem. Wir helfen dir an unserer Rezeption gerne weiter.<\/p>","protected":false},"author":2,"featured_media":0,"parent":0,"menu_order":0,"comment_status":"closed","ping_status":"closed","template":"","meta":{"footnotes":""},"class_list":["post-7919","page","type-page","status-publish","hentry","post-no-thumbnail"],"_links":{"self":[{"href":"https:\/\/hit-the-sky.at\/en\/wp-json\/wp\/v2\/pages\/7919","targetHints":{"allow":["GET"]}}],"collection":[{"href":"https:\/\/hit-the-sky.at\/en\/wp-json\/wp\/v2\/pages"}],"about":[{"href":"https:\/\/hit-the-sky.at\/en\/wp-json\/wp\/v2\/types\/page"}],"author":[{"embeddable":true,"href":"https:\/\/hit-the-sky.at\/en\/wp-json\/wp\/v2\/users\/2"}],"replies":[{"embeddable":true,"href":"https:\/\/hit-the-sky.at\/en\/wp-json\/wp\/v2\/comments?post=7919"}],"version-history":[{"count":277,"href":"https:\/\/hit-the-sky.at\/en\/wp-json\/wp\/v2\/pages\/7919\/revisions"}],"predecessor-version":[{"id":10278,"href":"https:\/\/hit-the-sky.at\/en\/wp-json\/wp\/v2\/pages\/7919\/revisions\/10278"}],"wp:attachment":[{"href":"https:\/\/hit-the-sky.at\/en\/wp-json\/wp\/v2\/media?parent=7919"}],"curies":[{"name":"wp","href":"https:\/\/api.w.org\/{rel}","templated":true}]}}