{"id":9042,"date":"2022-07-26T13:57:23","date_gmt":"2022-07-26T13:57:23","guid":{"rendered":"https:\/\/hit-the-sky.at\/?page_id=9042"},"modified":"2025-11-12T11:54:06","modified_gmt":"2025-11-12T11:54:06","slug":"hello","status":"publish","type":"page","link":"https:\/\/hit-the-sky.at\/en\/hello\/","title":{"rendered":"Ski In \/ Ski Out &#8211; Hit the Sky"},"content":{"rendered":"\t\t<div data-elementor-type=\"wp-page\" data-elementor-id=\"9042\" class=\"elementor elementor-9042\" data-elementor-post-type=\"page\">\n\t\t\t\t\t\t<section class=\"elementor-section elementor-top-section elementor-element elementor-element-07cc211 elementor-section-full_width elementor-section-column-vertical-align-middle elementor-section-stretched elementor-section-height-default elementor-section-height-default\" data-id=\"07cc211\" data-element_type=\"section\" data-settings=\"{&quot;stretch_section&quot;:&quot;section-stretched&quot;,&quot;background_background&quot;:&quot;classic&quot;}\">\n\t\t\t\t\t\t<div class=\"elementor-container elementor-column-gap-no\">\n\t\t\t\t\t<div class=\"elementor-column elementor-col-100 elementor-top-column elementor-element elementor-element-8bdf827\" data-id=\"8bdf827\" data-element_type=\"column\">\n\t\t\t<div class=\"elementor-widget-wrap elementor-element-populated\">\n\t\t\t\t\t\t<div class=\"elementor-element elementor-element-b0c9e6e elementor-widget elementor-widget-image\" data-id=\"b0c9e6e\" data-element_type=\"widget\" data-widget_type=\"image.default\">\n\t\t\t\t<div class=\"elementor-widget-container\">\n\t\t\t\t\t\t\t\t\t\t\t\t\t\t\t<img fetchpriority=\"high\" decoding=\"async\" width=\"2560\" height=\"1415\" src=\"https:\/\/hit-the-sky.at\/wp-content\/uploads\/2022\/08\/Schriftzug_erweitert-scaled.jpg\" class=\"attachment-full size-full wp-image-9118\" alt=\"\" srcset=\"https:\/\/hit-the-sky.at\/wp-content\/uploads\/2022\/08\/Schriftzug_erweitert-scaled.jpg 2560w, https:\/\/hit-the-sky.at\/wp-content\/uploads\/2022\/08\/Schriftzug_erweitert-300x166.jpg 300w, https:\/\/hit-the-sky.at\/wp-content\/uploads\/2022\/08\/Schriftzug_erweitert-1024x566.jpg 1024w, https:\/\/hit-the-sky.at\/wp-content\/uploads\/2022\/08\/Schriftzug_erweitert-768x424.jpg 768w, https:\/\/hit-the-sky.at\/wp-content\/uploads\/2022\/08\/Schriftzug_erweitert-1536x849.jpg 1536w, https:\/\/hit-the-sky.at\/wp-content\/uploads\/2022\/08\/Schriftzug_erweitert-2048x1132.jpg 2048w, https:\/\/hit-the-sky.at\/wp-content\/uploads\/2022\/08\/Schriftzug_erweitert-18x10.jpg 18w\" sizes=\"(max-width: 2560px) 100vw, 2560px\" \/>\t\t\t\t\t\t\t\t\t\t\t\t\t\t\t<\/div>\n\t\t\t\t<\/div>\n\t\t\t\t\t<\/div>\n\t\t<\/div>\n\t\t\t\t\t<\/div>\n\t\t<\/section>\n\t\t\t\t<section class=\"elementor-section elementor-top-section elementor-element elementor-element-d8b30d1 elementor-section-gap-beside-no elementor-section-boxed elementor-section-height-default elementor-section-height-default elementor-section-column-vertical-align-stretch\" data-id=\"d8b30d1\" data-element_type=\"section\">\n\t\t\t\t\t\t<div class=\"elementor-container elementor-column-gap-default\">\n\t\t\t\t\t<div class=\"elementor-column elementor-col-100 elementor-top-column elementor-element elementor-element-7dec406\" data-id=\"7dec406\" data-element_type=\"column\">\n\t\t\t<div class=\"elementor-widget-wrap elementor-element-populated\">\n\t\t\t\t\t\t<section class=\"elementor-section elementor-inner-section elementor-element elementor-element-1b22bf3 elementor-section-boxed elementor-section-gap-beside-yes elementor-section-height-default elementor-section-height-default elementor-section-column-vertical-align-stretch\" data-id=\"1b22bf3\" data-element_type=\"section\">\n\t\t\t\t\t\t<div class=\"elementor-container elementor-column-gap-extended\">\n\t\t\t\t\t<div class=\"elementor-column elementor-col-33 elementor-inner-column elementor-element elementor-element-f320b88\" data-id=\"f320b88\" data-element_type=\"column\">\n\t\t\t<div class=\"elementor-widget-wrap elementor-element-populated\">\n\t\t\t\t\t\t<div class=\"elementor-element elementor-element-5f8f556 elementor-invisible elementor-widget elementor-widget-tm-heading\" data-id=\"5f8f556\" data-element_type=\"widget\" data-settings=\"{&quot;_animation&quot;:&quot;bounceIn&quot;}\" data-widget_type=\"tm-heading.default\">\n\t\t\t\t<div class=\"elementor-widget-container\">\n\t\t\t\t\t\t\t<div class=\"tm-modern-heading\">\n\t\t\t\n\t\t\t\t\t<div class=\"heading-primary-wrap\">\n\t\t\t<h2 class=\"heading-primary elementor-heading-title\">Ski in \/ Ski out<\/h2>\t\t<\/div>\n\t\t\n\t\t\t\n\t\t\t\t\t<\/div>\n\t\t\t\t\t\t<\/div>\n\t\t\t\t<\/div>\n\t\t\t\t\t<\/div>\n\t\t<\/div>\n\t\t\t\t<div class=\"elementor-column elementor-col-33 elementor-inner-column elementor-element elementor-element-1f266d6\" data-id=\"1f266d6\" data-element_type=\"column\">\n\t\t\t<div class=\"elementor-widget-wrap elementor-element-populated\">\n\t\t\t\t\t\t<div class=\"elementor-element elementor-element-c0f2b30 elementor-invisible elementor-widget elementor-widget-tm-heading\" data-id=\"c0f2b30\" data-element_type=\"widget\" data-settings=\"{&quot;_animation&quot;:&quot;bounceIn&quot;}\" data-widget_type=\"tm-heading.default\">\n\t\t\t\t<div class=\"elementor-widget-container\">\n\t\t\t\t\t\t\t<div class=\"tm-modern-heading\">\n\t\t\t\n\t\t\t\t\t<div class=\"heading-primary-wrap\">\n\t\t\t<h2 class=\"heading-primary elementor-heading-title\">304 KM PISTE<\/h2>\t\t<\/div>\n\t\t\n\t\t\t\n\t\t\t\t\t<\/div>\n\t\t\t\t\t\t<\/div>\n\t\t\t\t<\/div>\n\t\t\t\t\t<\/div>\n\t\t<\/div>\n\t\t\t\t<div class=\"elementor-column elementor-col-33 elementor-inner-column elementor-element elementor-element-47fa353\" data-id=\"47fa353\" data-element_type=\"column\">\n\t\t\t<div class=\"elementor-widget-wrap elementor-element-populated\">\n\t\t\t\t\t\t<div class=\"elementor-element elementor-element-4345458 elementor-invisible elementor-widget elementor-widget-tm-heading\" data-id=\"4345458\" data-element_type=\"widget\" data-settings=\"{&quot;_animation&quot;:&quot;bounceIn&quot;}\" data-widget_type=\"tm-heading.default\">\n\t\t\t\t<div class=\"elementor-widget-container\">\n\t\t\t\t\t\t\t<div class=\"tm-modern-heading\">\n\t\t\t\n\t\t\t\t\t<div class=\"heading-primary-wrap\">\n\t\t\t<h2 class=\"heading-primary elementor-heading-title\">88 SKILIFTE<\/h2>\t\t<\/div>\n\t\t\n\t\t\t\n\t\t\t\t\t<\/div>\n\t\t\t\t\t\t<\/div>\n\t\t\t\t<\/div>\n\t\t\t\t\t<\/div>\n\t\t<\/div>\n\t\t\t\t\t<\/div>\n\t\t<\/section>\n\t\t\t\t<div class=\"elementor-element elementor-element-0a7a393 elementor-widget elementor-widget-spacer\" data-id=\"0a7a393\" data-element_type=\"widget\" data-widget_type=\"spacer.default\">\n\t\t\t\t<div class=\"elementor-widget-container\">\n\t\t\t\t\t\t\t<div class=\"elementor-spacer\">\n\t\t\t<div class=\"elementor-spacer-inner\"><\/div>\n\t\t<\/div>\n\t\t\t\t\t\t<\/div>\n\t\t\t\t<\/div>\n\t\t\t\t<div class=\"elementor-element elementor-element-821de30 elementor-widget elementor-widget-text-editor\" data-id=\"821de30\" data-element_type=\"widget\" data-widget_type=\"text-editor.default\">\n\t\t\t\t<div class=\"elementor-widget-container\">\n\t\t\t\t\t\t\t\t\t<p style=\"text-align: center;\"><span style=\"letter-spacing: 0em;\">Willkommen im gr\u00f6\u00dften Wohnzimmer der Alpen und im sportlichsten Skigebiet \u00d6sterreichs. Direkt vor unserer Haust\u00fcre erwarten Dich ausgezeichnete Pistenverh\u00e4ltnisse im gr\u00f6\u00dften zusammenh\u00e4ngenden Skigebiet \u00d6sterreichs. Insgesamt 304 Kilometer markierte Abfahrten und 200 Kilometer Varianten im freien Gel\u00e4nde bieten Dir alles, was Dein Wintersport-Herz h\u00f6her schlagen l\u00e4sst.<\/span><\/p>\t\t\t\t\t\t\t\t<\/div>\n\t\t\t\t<\/div>\n\t\t\t\t<div class=\"elementor-element elementor-element-a435c7a elementor-widget__width-inherit elementor-align-center elementor-widget elementor-widget-tm-button\" data-id=\"a435c7a\" data-element_type=\"widget\" data-widget_type=\"tm-button.default\">\n\t\t\t\t<div class=\"elementor-widget-container\">\n\t\t\t\t\t\t\t<div class=\"tm-button-wrapper\">\n\t\t\t<a href=\"https:\/\/www.hit-the-sky.at\" class=\"tm-button-link tm-button style-flat tm-button-nm icon-\" role=\"button\">\n\t\t\t\t\t\t<div class=\"button-content-wrapper\">\n\t\t\t\n\t\t\t\t\t\t\t<span class=\"button-text\">Zur Homepage<\/span>\n\t\t\t\n\t\t\t\t\t<\/div>\n\t\t\n\t\t\t\t\t\t\t<\/a>\n\t\t<\/div>\n\t\t\t\t\t\t<\/div>\n\t\t\t\t<\/div>\n\t\t\t\t<div class=\"elementor-element elementor-element-4b060b3 elementor-widget elementor-widget-spacer\" data-id=\"4b060b3\" data-element_type=\"widget\" data-widget_type=\"spacer.default\">\n\t\t\t\t<div class=\"elementor-widget-container\">\n\t\t\t\t\t\t\t<div class=\"elementor-spacer\">\n\t\t\t<div class=\"elementor-spacer-inner\"><\/div>\n\t\t<\/div>\n\t\t\t\t\t\t<\/div>\n\t\t\t\t<\/div>\n\t\t\t\t<div class=\"elementor-element elementor-element-54279d8 elementor-widget__width-inherit elementor-align-center elementor-widget elementor-widget-tm-button\" data-id=\"54279d8\" data-element_type=\"widget\" data-widget_type=\"tm-button.default\">\n\t\t\t\t<div class=\"elementor-widget-container\">\n\t\t\t\t\t\t\t<div class=\"tm-button-wrapper\">\n\t\t\t<a href=\"https:\/\/booking.hit-the-sky.at\/websLINE-ABM\/homepage\/booking\/index\/de\" target=\"_blank\" class=\"tm-button-link tm-button style-flat tm-button-nm icon-\" role=\"button\">\n\t\t\t\t\t\t<div class=\"button-content-wrapper\">\n\t\t\t\n\t\t\t\t\t\t\t<span class=\"button-text\">Jetzt anfragen<\/span>\n\t\t\t\n\t\t\t\t\t<\/div>\n\t\t\n\t\t\t\t\t\t\t<\/a>\n\t\t<\/div>\n\t\t\t\t\t\t<\/div>\n\t\t\t\t<\/div>\n\t\t\t\t<section class=\"elementor-section elementor-inner-section elementor-element elementor-element-5c7756e elementor-section-boxed elementor-section-gap-beside-yes elementor-section-height-default elementor-section-height-default elementor-section-column-vertical-align-stretch\" data-id=\"5c7756e\" data-element_type=\"section\">\n\t\t\t\t\t\t<div class=\"elementor-container elementor-column-gap-extended\">\n\t\t\t\t\t<div class=\"elementor-column elementor-col-33 elementor-inner-column elementor-element elementor-element-20dedb9\" data-id=\"20dedb9\" data-element_type=\"column\">\n\t\t\t<div class=\"elementor-widget-wrap elementor-element-populated\">\n\t\t\t\t\t\t<div class=\"elementor-element elementor-element-685c3e2 elementor-invisible elementor-widget elementor-widget-tm-heading\" data-id=\"685c3e2\" data-element_type=\"widget\" data-settings=\"{&quot;_animation&quot;:&quot;bounceIn&quot;}\" data-widget_type=\"tm-heading.default\">\n\t\t\t\t<div class=\"elementor-widget-container\">\n\t\t\t\t\t\t\t<div class=\"tm-modern-heading\">\n\t\t\t\n\t\t\t\t\t<div class=\"heading-primary-wrap\">\n\t\t\t<h2 class=\"heading-primary elementor-heading-title\">auf 1800 meter<\/h2>\t\t<\/div>\n\t\t\n\t\t\t\n\t\t\t\t\t<\/div>\n\t\t\t\t\t\t<\/div>\n\t\t\t\t<\/div>\n\t\t\t\t\t<\/div>\n\t\t<\/div>\n\t\t\t\t<div class=\"elementor-column elementor-col-33 elementor-inner-column elementor-element elementor-element-c986db0\" data-id=\"c986db0\" data-element_type=\"column\">\n\t\t\t<div class=\"elementor-widget-wrap elementor-element-populated\">\n\t\t\t\t\t\t<div class=\"elementor-element elementor-element-826b444 elementor-invisible elementor-widget elementor-widget-tm-heading\" data-id=\"826b444\" data-element_type=\"widget\" data-settings=\"{&quot;_animation&quot;:&quot;bounceIn&quot;}\" data-widget_type=\"tm-heading.default\">\n\t\t\t\t<div class=\"elementor-widget-container\">\n\t\t\t\t\t\t\t<div class=\"tm-modern-heading\">\n\t\t\t\n\t\t\t\t\t<div class=\"heading-primary-wrap\">\n\t\t\t<h2 class=\"heading-primary elementor-heading-title\">73 Zimmer<\/h2>\t\t<\/div>\n\t\t\n\t\t\t\n\t\t\t\t\t<\/div>\n\t\t\t\t\t\t<\/div>\n\t\t\t\t<\/div>\n\t\t\t\t\t<\/div>\n\t\t<\/div>\n\t\t\t\t<div class=\"elementor-column elementor-col-33 elementor-inner-column elementor-element elementor-element-89741d8\" data-id=\"89741d8\" data-element_type=\"column\">\n\t\t\t<div class=\"elementor-widget-wrap elementor-element-populated\">\n\t\t\t\t\t\t<div class=\"elementor-element elementor-element-423c529 elementor-invisible elementor-widget elementor-widget-tm-heading\" data-id=\"423c529\" data-element_type=\"widget\" data-settings=\"{&quot;_animation&quot;:&quot;bounceIn&quot;}\" data-widget_type=\"tm-heading.default\">\n\t\t\t\t<div class=\"elementor-widget-container\">\n\t\t\t\t\t\t\t<div class=\"tm-modern-heading\">\n\t\t\t\n\t\t\t\t\t<div class=\"heading-primary-wrap\">\n\t\t\t<h2 class=\"heading-primary elementor-heading-title\">SPA AREA<\/h2>\t\t<\/div>\n\t\t\n\t\t\t\n\t\t\t\t\t<\/div>\n\t\t\t\t\t\t<\/div>\n\t\t\t\t<\/div>\n\t\t\t\t\t<\/div>\n\t\t<\/div>\n\t\t\t\t\t<\/div>\n\t\t<\/section>\n\t\t\t\t<div class=\"elementor-element elementor-element-7469c92 elementor-widget elementor-widget-spacer\" data-id=\"7469c92\" data-element_type=\"widget\" data-widget_type=\"spacer.default\">\n\t\t\t\t<div class=\"elementor-widget-container\">\n\t\t\t\t\t\t\t<div class=\"elementor-spacer\">\n\t\t\t<div class=\"elementor-spacer-inner\"><\/div>\n\t\t<\/div>\n\t\t\t\t\t\t<\/div>\n\t\t\t\t<\/div>\n\t\t\t\t<div class=\"elementor-element elementor-element-2af1005 elementor-widget elementor-widget-text-editor\" data-id=\"2af1005\" data-element_type=\"widget\" data-widget_type=\"text-editor.default\">\n\t\t\t\t<div class=\"elementor-widget-container\">\n\t\t\t\t\t\t\t\t\t<p style=\"text-align: center;\"><span style=\"font-family: Arial, sans-serif; text-align: left; letter-spacing: 0em;\">Wir empfangen Dich auf 1800 Metern mit Pulverschnee und Gastfreundschaft. Nach einem erlebnisreichen Tag auf der Piste kannst Du dich in unserem SPA-Bereich bestm\u00f6glich erholen.\u00a0<\/span><span style=\"font-family: Arial, sans-serif; text-align: left; letter-spacing: 0em;\">Genie\u00dfe in unserem beheizten Indoor-Pool die verschneiten H\u00e4nge des Arlbergs oder erhole dich in unserer finnischen Sauna. Massage gef\u00e4llig? Auch hier bieten wir Dir eine gro\u00dfe Auswahl an.<\/span><\/p>\t\t\t\t\t\t\t\t<\/div>\n\t\t\t\t<\/div>\n\t\t\t\t<div class=\"elementor-element elementor-element-ddf875e elementor-widget__width-inherit elementor-align-center elementor-widget elementor-widget-tm-button\" data-id=\"ddf875e\" data-element_type=\"widget\" data-widget_type=\"tm-button.default\">\n\t\t\t\t<div class=\"elementor-widget-container\">\n\t\t\t\t\t\t\t<div class=\"tm-button-wrapper\">\n\t\t\t<a href=\"https:\/\/www.hit-the-sky.at\" class=\"tm-button-link tm-button style-flat tm-button-nm icon-\" role=\"button\">\n\t\t\t\t\t\t<div class=\"button-content-wrapper\">\n\t\t\t\n\t\t\t\t\t\t\t<span class=\"button-text\">Zur Homepage<\/span>\n\t\t\t\n\t\t\t\t\t<\/div>\n\t\t\n\t\t\t\t\t\t\t<\/a>\n\t\t<\/div>\n\t\t\t\t\t\t<\/div>\n\t\t\t\t<\/div>\n\t\t\t\t<div class=\"elementor-element elementor-element-0d7c23c elementor-widget elementor-widget-spacer\" data-id=\"0d7c23c\" data-element_type=\"widget\" data-widget_type=\"spacer.default\">\n\t\t\t\t<div class=\"elementor-widget-container\">\n\t\t\t\t\t\t\t<div class=\"elementor-spacer\">\n\t\t\t<div class=\"elementor-spacer-inner\"><\/div>\n\t\t<\/div>\n\t\t\t\t\t\t<\/div>\n\t\t\t\t<\/div>\n\t\t\t\t<div class=\"elementor-element elementor-element-8dc5dce elementor-widget__width-inherit elementor-align-center elementor-widget elementor-widget-tm-button\" data-id=\"8dc5dce\" data-element_type=\"widget\" data-widget_type=\"tm-button.default\">\n\t\t\t\t<div class=\"elementor-widget-container\">\n\t\t\t\t\t\t\t<div class=\"tm-button-wrapper\">\n\t\t\t<a href=\"https:\/\/booking.hit-the-sky.at\/websLINE-ABM\/homepage\/booking\/index\/de\" target=\"_blank\" class=\"tm-button-link tm-button style-flat tm-button-nm icon-\" role=\"button\">\n\t\t\t\t\t\t<div class=\"button-content-wrapper\">\n\t\t\t\n\t\t\t\t\t\t\t<span class=\"button-text\">Jetzt anfragen<\/span>\n\t\t\t\n\t\t\t\t\t<\/div>\n\t\t\n\t\t\t\t\t\t\t<\/a>\n\t\t<\/div>\n\t\t\t\t\t\t<\/div>\n\t\t\t\t<\/div>\n\t\t\t\t<section class=\"elementor-section elementor-inner-section elementor-element elementor-element-ebaf36f elementor-section-boxed elementor-section-gap-beside-yes elementor-section-height-default elementor-section-height-default elementor-section-column-vertical-align-stretch\" data-id=\"ebaf36f\" data-element_type=\"section\">\n\t\t\t\t\t\t<div class=\"elementor-container elementor-column-gap-extended\">\n\t\t\t\t\t<div class=\"elementor-column elementor-col-33 elementor-inner-column elementor-element elementor-element-89fdd6a\" data-id=\"89fdd6a\" data-element_type=\"column\">\n\t\t\t<div class=\"elementor-widget-wrap elementor-element-populated\">\n\t\t\t\t\t\t<div class=\"elementor-element elementor-element-bdbf73b elementor-invisible elementor-widget elementor-widget-tm-heading\" data-id=\"bdbf73b\" data-element_type=\"widget\" data-settings=\"{&quot;_animation&quot;:&quot;bounceIn&quot;}\" data-widget_type=\"tm-heading.default\">\n\t\t\t\t<div class=\"elementor-widget-container\">\n\t\t\t\t\t\t\t<div class=\"tm-modern-heading\">\n\t\t\t\n\t\t\t\t\t<div class=\"heading-primary-wrap\">\n\t\t\t<h2 class=\"heading-primary elementor-heading-title\">Restaurant<\/h2>\t\t<\/div>\n\t\t\n\t\t\t\n\t\t\t\t\t<\/div>\n\t\t\t\t\t\t<\/div>\n\t\t\t\t<\/div>\n\t\t\t\t\t<\/div>\n\t\t<\/div>\n\t\t\t\t<div class=\"elementor-column elementor-col-33 elementor-inner-column elementor-element elementor-element-e53f41a\" data-id=\"e53f41a\" data-element_type=\"column\">\n\t\t\t<div class=\"elementor-widget-wrap elementor-element-populated\">\n\t\t\t\t\t\t<div class=\"elementor-element elementor-element-d024731 elementor-invisible elementor-widget elementor-widget-tm-heading\" data-id=\"d024731\" data-element_type=\"widget\" data-settings=\"{&quot;_animation&quot;:&quot;bounceIn&quot;}\" data-widget_type=\"tm-heading.default\">\n\t\t\t\t<div class=\"elementor-widget-container\">\n\t\t\t\t\t\t\t<div class=\"tm-modern-heading\">\n\t\t\t\n\t\t\t\t\t<div class=\"heading-primary-wrap\">\n\t\t\t<h2 class=\"heading-primary elementor-heading-title\">Bar<\/h2>\t\t<\/div>\n\t\t\n\t\t\t\n\t\t\t\t\t<\/div>\n\t\t\t\t\t\t<\/div>\n\t\t\t\t<\/div>\n\t\t\t\t\t<\/div>\n\t\t<\/div>\n\t\t\t\t<div class=\"elementor-column elementor-col-33 elementor-inner-column elementor-element elementor-element-a1c1772\" data-id=\"a1c1772\" data-element_type=\"column\">\n\t\t\t<div class=\"elementor-widget-wrap elementor-element-populated\">\n\t\t\t\t\t\t<div class=\"elementor-element elementor-element-1b6758d elementor-invisible elementor-widget elementor-widget-tm-heading\" data-id=\"1b6758d\" data-element_type=\"widget\" data-settings=\"{&quot;_animation&quot;:&quot;bounceIn&quot;}\" data-widget_type=\"tm-heading.default\">\n\t\t\t\t<div class=\"elementor-widget-container\">\n\t\t\t\t\t\t\t<div class=\"tm-modern-heading\">\n\t\t\t\n\t\t\t\t\t<div class=\"heading-primary-wrap\">\n\t\t\t<h2 class=\"heading-primary elementor-heading-title\">Lounge<\/h2>\t\t<\/div>\n\t\t\n\t\t\t\n\t\t\t\t\t<\/div>\n\t\t\t\t\t\t<\/div>\n\t\t\t\t<\/div>\n\t\t\t\t\t<\/div>\n\t\t<\/div>\n\t\t\t\t\t<\/div>\n\t\t<\/section>\n\t\t\t\t<div class=\"elementor-element elementor-element-8ee5ef4 elementor-widget elementor-widget-spacer\" data-id=\"8ee5ef4\" data-element_type=\"widget\" data-widget_type=\"spacer.default\">\n\t\t\t\t<div class=\"elementor-widget-container\">\n\t\t\t\t\t\t\t<div class=\"elementor-spacer\">\n\t\t\t<div class=\"elementor-spacer-inner\"><\/div>\n\t\t<\/div>\n\t\t\t\t\t\t<\/div>\n\t\t\t\t<\/div>\n\t\t\t\t<div class=\"elementor-element elementor-element-72086a0 elementor-widget elementor-widget-text-editor\" data-id=\"72086a0\" data-element_type=\"widget\" data-widget_type=\"text-editor.default\">\n\t\t\t\t<div class=\"elementor-widget-container\">\n\t\t\t\t\t\t\t\t\t<p style=\"text-align: center;\"><span style=\"font-family: 'Arial',sans-serif;\">Unser &#8222;Wohnzimmer&#8220; ist Restaurant, Bar und Lounge zugleich. Unser K\u00fcchenteam verw\u00f6hnt dich nach sowohl in der Fr\u00fch als auch am Abend mit abwechslungsreichen und regionalen Spezialit\u00e4ten. Deinen anstrengenden Skitag kannst Du mit einem<\/span><span style=\"font-family: Arial, sans-serif; letter-spacing: 0em;\">\u00a0leckeren Drink von der Bar im<\/span><span style=\"font-family: Arial, sans-serif; letter-spacing: 0em;\">\u00a0Schaukelsessel vor dem Kamin oder in unserer Dschungel Lounge ausklingen lassen.<\/span><\/p>\t\t\t\t\t\t\t\t<\/div>\n\t\t\t\t<\/div>\n\t\t\t\t<div class=\"elementor-element elementor-element-39d969f elementor-widget elementor-widget-image\" data-id=\"39d969f\" data-element_type=\"widget\" data-settings=\"{&quot;sticky&quot;:&quot;top&quot;,&quot;sticky_parent&quot;:&quot;yes&quot;,&quot;sticky_on&quot;:[&quot;desktop&quot;,&quot;tablet&quot;,&quot;mobile&quot;],&quot;sticky_offset&quot;:0,&quot;sticky_effects_offset&quot;:0,&quot;sticky_anchor_link_offset&quot;:0}\" data-widget_type=\"image.default\">\n\t\t\t\t<div class=\"elementor-widget-container\">\n\t\t\t\t\t\t\t\t\t\t\t\t\t\t\t<img decoding=\"async\" width=\"300\" height=\"152\" src=\"https:\/\/hit-the-sky.at\/wp-content\/uploads\/2022\/09\/zu-gast-bei-freunden-01w-300x152.png\" class=\"attachment-medium size-medium wp-image-9183\" alt=\"\" srcset=\"https:\/\/hit-the-sky.at\/wp-content\/uploads\/2022\/09\/zu-gast-bei-freunden-01w-300x152.png 300w, https:\/\/hit-the-sky.at\/wp-content\/uploads\/2022\/09\/zu-gast-bei-freunden-01w-768x388.png 768w, https:\/\/hit-the-sky.at\/wp-content\/uploads\/2022\/09\/zu-gast-bei-freunden-01w-18x9.png 18w, https:\/\/hit-the-sky.at\/wp-content\/uploads\/2022\/09\/zu-gast-bei-freunden-01w.png 800w\" sizes=\"(max-width: 300px) 100vw, 300px\" \/>\t\t\t\t\t\t\t\t\t\t\t\t\t\t\t<\/div>\n\t\t\t\t<\/div>\n\t\t\t\t<div class=\"elementor-element elementor-element-a0a17d4 elementor-widget elementor-widget-spacer\" data-id=\"a0a17d4\" data-element_type=\"widget\" data-widget_type=\"spacer.default\">\n\t\t\t\t<div class=\"elementor-widget-container\">\n\t\t\t\t\t\t\t<div class=\"elementor-spacer\">\n\t\t\t<div class=\"elementor-spacer-inner\"><\/div>\n\t\t<\/div>\n\t\t\t\t\t\t<\/div>\n\t\t\t\t<\/div>\n\t\t\t\t<div class=\"elementor-element elementor-element-f582fbe elementor-widget__width-inherit elementor-align-center elementor-widget elementor-widget-tm-button\" data-id=\"f582fbe\" data-element_type=\"widget\" data-widget_type=\"tm-button.default\">\n\t\t\t\t<div class=\"elementor-widget-container\">\n\t\t\t\t\t\t\t<div class=\"tm-button-wrapper\">\n\t\t\t<a href=\"https:\/\/booking.hit-the-sky.at\/websLINE-ABM\/homepage\/booking\/index\/de\" target=\"_blank\" class=\"tm-button-link tm-button style-flat tm-button-nm icon-\" role=\"button\">\n\t\t\t\t\t\t<div class=\"button-content-wrapper\">\n\t\t\t\n\t\t\t\t\t\t\t<span class=\"button-text\">Jetzt anfragen<\/span>\n\t\t\t\n\t\t\t\t\t<\/div>\n\t\t\n\t\t\t\t\t\t\t<\/a>\n\t\t<\/div>\n\t\t\t\t\t\t<\/div>\n\t\t\t\t<\/div>\n\t\t\t\t\t<\/div>\n\t\t<\/div>\n\t\t\t\t\t<\/div>\n\t\t<\/section>\n\t\t\t\t<\/div>\n\t\t","protected":false},"excerpt":{"rendered":"<p>Ski in \/ Ski out 304 KM PISTE 88 SKILIFTE Willkommen im gr\u00f6\u00dften Wohnzimmer der Alpen und im sportlichsten Skigebiet \u00d6sterreichs. Direkt vor unserer Haust\u00fcre erwarten Dich ausgezeichnete Pistenverh\u00e4ltnisse im gr\u00f6\u00dften zusammenh\u00e4ngenden Skigebiet \u00d6sterreichs. Insgesamt 304 Kilometer markierte Abfahrten und 200 Kilometer Varianten im freien Gel\u00e4nde bieten Dir alles, was Dein Wintersport-Herz h\u00f6her schlagen l\u00e4sst. Zur Homepage Jetzt anfragen auf 1800 meter 73 Zimmer SPA AREA Wir empfangen Dich auf 1800 Metern mit Pulverschnee und Gastfreundschaft. Nach einem erlebnisreichen Tag auf der Piste kannst Du dich in unserem SPA-Bereich bestm\u00f6glich erholen.\u00a0Genie\u00dfe in unserem beheizten Indoor-Pool die verschneiten H\u00e4nge des Arlbergs oder erhole dich in unserer finnischen Sauna. Massage gef\u00e4llig? Auch hier bieten wir Dir eine gro\u00dfe Auswahl an. Zur Homepage Jetzt anfragen Restaurant Bar Lounge Unser &#8222;Wohnzimmer&#8220; ist Restaurant, Bar und Lounge zugleich. Unser K\u00fcchenteam verw\u00f6hnt dich nach sowohl in der Fr\u00fch als auch am Abend mit abwechslungsreichen und regionalen Spezialit\u00e4ten. Deinen anstrengenden Skitag kannst Du mit einem\u00a0leckeren Drink von der Bar im\u00a0Schaukelsessel vor dem Kamin oder in unserer Dschungel Lounge ausklingen lassen. Jetzt anfragen<\/p>","protected":false},"author":2,"featured_media":9176,"parent":0,"menu_order":0,"comment_status":"closed","ping_status":"closed","template":"","meta":{"footnotes":""},"class_list":["post-9042","page","type-page","status-publish","has-post-thumbnail","hentry"],"_links":{"self":[{"href":"https:\/\/hit-the-sky.at\/en\/wp-json\/wp\/v2\/pages\/9042","targetHints":{"allow":["GET"]}}],"collection":[{"href":"https:\/\/hit-the-sky.at\/en\/wp-json\/wp\/v2\/pages"}],"about":[{"href":"https:\/\/hit-the-sky.at\/en\/wp-json\/wp\/v2\/types\/page"}],"author":[{"embeddable":true,"href":"https:\/\/hit-the-sky.at\/en\/wp-json\/wp\/v2\/users\/2"}],"replies":[{"embeddable":true,"href":"https:\/\/hit-the-sky.at\/en\/wp-json\/wp\/v2\/comments?post=9042"}],"version-history":[{"count":102,"href":"https:\/\/hit-the-sky.at\/en\/wp-json\/wp\/v2\/pages\/9042\/revisions"}],"predecessor-version":[{"id":10324,"href":"https:\/\/hit-the-sky.at\/en\/wp-json\/wp\/v2\/pages\/9042\/revisions\/10324"}],"wp:featuredmedia":[{"embeddable":true,"href":"https:\/\/hit-the-sky.at\/en\/wp-json\/wp\/v2\/media\/9176"}],"wp:attachment":[{"href":"https:\/\/hit-the-sky.at\/en\/wp-json\/wp\/v2\/media?parent=9042"}],"curies":[{"name":"wp","href":"https:\/\/api.w.org\/{rel}","templated":true}]}}