{"id":9282,"date":"2022-09-23T15:15:57","date_gmt":"2022-09-23T15:15:57","guid":{"rendered":"https:\/\/hit-the-sky.at\/?page_id=9282"},"modified":"2025-11-17T20:11:53","modified_gmt":"2025-11-17T20:11:53","slug":"relax","status":"publish","type":"page","link":"https:\/\/hit-the-sky.at\/en\/relax\/","title":{"rendered":"Relax"},"content":{"rendered":"\t\t<div data-elementor-type=\"wp-page\" data-elementor-id=\"9282\" class=\"elementor elementor-9282\" data-elementor-post-type=\"page\">\n\t\t\t\t\t\t<section class=\"elementor-section elementor-top-section elementor-element elementor-element-cb5a463 elementor-section-full_width elementor-section-column-vertical-align-top elementor-section-stretched elementor-section-height-default elementor-section-height-default\" data-id=\"cb5a463\" data-element_type=\"section\" data-settings=\"{&quot;stretch_section&quot;:&quot;section-stretched&quot;,&quot;background_background&quot;:&quot;classic&quot;}\">\n\t\t\t\t\t\t<div class=\"elementor-container elementor-column-gap-no\">\n\t\t\t\t\t<div class=\"elementor-column elementor-col-100 elementor-top-column elementor-element elementor-element-a245a10\" data-id=\"a245a10\" data-element_type=\"column\" data-settings=\"{&quot;background_background&quot;:&quot;classic&quot;}\">\n\t\t\t<div class=\"elementor-widget-wrap\">\n\t\t\t\t\t\t\t<\/div>\n\t\t<\/div>\n\t\t\t\t\t<\/div>\n\t\t<\/section>\n\t\t\t\t<section class=\"elementor-section elementor-top-section elementor-element elementor-element-30966e1 elementor-section-gap-beside-no elementor-section-stretched elementor-section-boxed elementor-section-height-default elementor-section-height-default elementor-section-column-vertical-align-stretch\" data-id=\"30966e1\" data-element_type=\"section\" data-settings=\"{&quot;motion_fx_motion_fx_scrolling&quot;:&quot;yes&quot;,&quot;motion_fx_opacity_effect&quot;:&quot;yes&quot;,&quot;motion_fx_opacity_range&quot;:{&quot;unit&quot;:&quot;%&quot;,&quot;size&quot;:&quot;&quot;,&quot;sizes&quot;:{&quot;start&quot;:15,&quot;end&quot;:33}},&quot;stretch_section&quot;:&quot;section-stretched&quot;,&quot;background_background&quot;:&quot;classic&quot;,&quot;motion_fx_devices&quot;:[&quot;desktop&quot;,&quot;tablet&quot;],&quot;motion_fx_opacity_direction&quot;:&quot;out-in&quot;,&quot;motion_fx_opacity_level&quot;:{&quot;unit&quot;:&quot;px&quot;,&quot;size&quot;:10,&quot;sizes&quot;:[]}}\">\n\t\t\t\t\t\t<div class=\"elementor-container elementor-column-gap-extended\">\n\t\t\t\t\t<div class=\"elementor-column elementor-col-100 elementor-top-column elementor-element elementor-element-d5d0ed7\" data-id=\"d5d0ed7\" data-element_type=\"column\">\n\t\t\t<div class=\"elementor-widget-wrap elementor-element-populated\">\n\t\t\t\t\t\t<div class=\"elementor-element elementor-element-d764b51 elementor-widget elementor-widget-spacer\" data-id=\"d764b51\" data-element_type=\"widget\" data-widget_type=\"spacer.default\">\n\t\t\t\t<div class=\"elementor-widget-container\">\n\t\t\t\t\t\t\t<div class=\"elementor-spacer\">\n\t\t\t<div class=\"elementor-spacer-inner\"><\/div>\n\t\t<\/div>\n\t\t\t\t\t\t<\/div>\n\t\t\t\t<\/div>\n\t\t\t\t<div class=\"elementor-element elementor-element-23b75d8 elementor-widget elementor-widget-heading\" data-id=\"23b75d8\" data-element_type=\"widget\" data-widget_type=\"heading.default\">\n\t\t\t\t<div class=\"elementor-widget-container\">\n\t\t\t\t\t<h1 class=\"elementor-heading-title elementor-size-default\">Entspannung nach der Piste?<\/h1>\t\t\t\t<\/div>\n\t\t\t\t<\/div>\n\t\t\t\t<div class=\"elementor-element elementor-element-2ee0c1b elementor-widget elementor-widget-text-editor\" data-id=\"2ee0c1b\" data-element_type=\"widget\" data-widget_type=\"text-editor.default\">\n\t\t\t\t<div class=\"elementor-widget-container\">\n\t\t\t\t\t\t\t\t\t<p style=\"text-align: center;\">M\u00fcde Glieder nach unz\u00e4hligen Abfahrten am Arlberg? Ab in unseren Spa-Bereich! Lass Dich auf einem Flamingo durch den beheizten Indoor-Pool treiben und genie\u00dfe den Blick auf die verschneiten H\u00e4nge des Arlbergs. Entspanne in unserer finnischen Sauna und relaxe anschlie\u00dfend bei gedimmtem Licht in unserem Ruhebereich. Massage gef\u00e4llig? Von Hot Stone bis Aromatherapie bieten wir Dir eine gro\u00dfe Auswahl an Behandlungen, die Deinen Skitag perfekt abrunden.<\/p>\t\t\t\t\t\t\t\t<\/div>\n\t\t\t\t<\/div>\n\t\t\t\t\t<\/div>\n\t\t<\/div>\n\t\t\t\t\t<\/div>\n\t\t<\/section>\n\t\t\t\t<section class=\"elementor-section elementor-top-section elementor-element elementor-element-9b773de elementor-section-gap-beside-no elementor-section-boxed elementor-section-height-default elementor-section-height-default elementor-section-column-vertical-align-stretch\" data-id=\"9b773de\" data-element_type=\"section\">\n\t\t\t\t\t\t<div class=\"elementor-container elementor-column-gap-extended\">\n\t\t\t\t\t<div class=\"elementor-column elementor-col-100 elementor-top-column elementor-element elementor-element-3ca9511\" data-id=\"3ca9511\" data-element_type=\"column\">\n\t\t\t<div class=\"elementor-widget-wrap elementor-element-populated\">\n\t\t\t\t\t\t<div class=\"elementor-element elementor-element-4189c8c elementor-widget elementor-widget-spacer\" data-id=\"4189c8c\" data-element_type=\"widget\" data-widget_type=\"spacer.default\">\n\t\t\t\t<div class=\"elementor-widget-container\">\n\t\t\t\t\t\t\t<div class=\"elementor-spacer\">\n\t\t\t<div class=\"elementor-spacer-inner\"><\/div>\n\t\t<\/div>\n\t\t\t\t\t\t<\/div>\n\t\t\t\t<\/div>\n\t\t\t\t<div class=\"elementor-element elementor-element-aa528b1 elementor-invisible elementor-widget elementor-widget-heading\" data-id=\"aa528b1\" data-element_type=\"widget\" data-settings=\"{&quot;_animation&quot;:&quot;fadeIn&quot;}\" data-widget_type=\"heading.default\">\n\t\t\t\t<div class=\"elementor-widget-container\">\n\t\t\t\t\t<h3 class=\"elementor-heading-title elementor-size-default\">Dein SPA auf 1800 Meter\u200b!<\/h3>\t\t\t\t<\/div>\n\t\t\t\t<\/div>\n\t\t\t\t<section class=\"elementor-section elementor-inner-section elementor-element elementor-element-0d809b3 elementor-section-gap-beside-no elementor-section-boxed elementor-section-height-default elementor-section-height-default elementor-section-column-vertical-align-stretch\" data-id=\"0d809b3\" data-element_type=\"section\">\n\t\t\t\t\t\t<div class=\"elementor-container elementor-column-gap-extended\">\n\t\t\t\t\t<div class=\"elementor-column elementor-col-50 elementor-inner-column elementor-element elementor-element-322afd2\" data-id=\"322afd2\" data-element_type=\"column\">\n\t\t\t<div class=\"elementor-widget-wrap elementor-element-populated\">\n\t\t\t\t\t\t<div class=\"elementor-element elementor-element-dd95a3c billey-view-default elementor-position-top elementor-widget elementor-widget-tm-icon-box\" data-id=\"dd95a3c\" data-element_type=\"widget\" data-widget_type=\"tm-icon-box.default\">\n\t\t\t\t<div class=\"elementor-widget-container\">\n\t\t\t\t\t\t\t<a class=\"tm-icon-box link-secret\" href=\"https:\/\/hit-the-sky.at\/en\/no-limits\/\">\n\t\t<div class=\"icon-box-wrapper\">\n\t\t\t\t\t<div class=\"billey-icon-wrap\">\n\t\t\t<div class=\"billey-icon-view first\">\n\t\t\t\t<div class=\"billey-icon-view-inner\">\n\t\t\t\t\t\n\t\t\t\t\t<div class=\"billey-icon icon billey-solid-icon\">\n\t\t\t\t\t\t<i aria-hidden=\"true\" class=\"fas fa-swimmer\"><\/i>\t\t\t\t\t<\/div>\n\t\t\t\t<\/div>\n\t\t\t<\/div>\n\n\t\t\t\t\t<\/div>\n\t\t\n\t\t\t<div class=\"icon-box-content\">\n\t\t\t\t\t\t<div class=\"heading-wrap\">\n\t\t\t<h3 class=\"heading\">Schwimmbad<\/h3>\n\t\t\t\t\t<\/div>\n\t\t\n\t\t\t\t\t\t<div class=\"description-wrap\">\n\t\t\t<div class=\"description\">\n\t\t\t\tNach dem Skitag ist Pool-Time. In unserem beheizten Indoor-Schwimmbad kannst Du ausreichend Energie f\u00fcr Deine n\u00e4chsten Skitage tanken.\t\t\t<\/div>\n\t\t<\/div>\n\t\t\n\t\t\t\t\t\t\t<\/div>\n\t\t<\/div>\n\n\t\t<\/a>\t\t\t\t\t\t<\/div>\n\t\t\t\t<\/div>\n\t\t\t\t<div class=\"elementor-element elementor-element-c89fb84 billey-view-default elementor-position-top elementor-widget elementor-widget-tm-icon-box\" data-id=\"c89fb84\" data-element_type=\"widget\" data-widget_type=\"tm-icon-box.default\">\n\t\t\t\t<div class=\"elementor-widget-container\">\n\t\t\t\t\t\t\t<a class=\"tm-icon-box link-secret\" href=\"https:\/\/hit-the-sky.at\/en\/massage\/\">\n\t\t<div class=\"icon-box-wrapper\">\n\t\t\t\t\t<div class=\"billey-icon-wrap\">\n\t\t\t<div class=\"billey-icon-view first\">\n\t\t\t\t<div class=\"billey-icon-view-inner\">\n\t\t\t\t\t\n\t\t\t\t\t<div class=\"billey-icon icon billey-solid-icon\">\n\t\t\t\t\t\t<i aria-hidden=\"true\" class=\"fa-regular fa-hand-holding-heart\"><\/i>\t\t\t\t\t<\/div>\n\t\t\t\t<\/div>\n\t\t\t<\/div>\n\n\t\t\t\t\t<\/div>\n\t\t\n\t\t\t<div class=\"icon-box-content\">\n\t\t\t\t\t\t<div class=\"heading-wrap\">\n\t\t\t<h3 class=\"heading\">Massage<\/h3>\n\t\t\t\t\t<\/div>\n\t\t\n\t\t\t\t\t\t<div class=\"description-wrap\">\n\t\t\t<div class=\"description\">\n\t\t\t\tDu sp\u00fcrst die Abfahrten und den Tiefschnee in den Muskeln? Eine Massage macht Dich fit f\u00fcr den n\u00e4chsten Skitag am Arlberg. Schau doch mal in unser Massage Angebot:\t\t\t<\/div>\n\t\t<\/div>\n\t\t\n\t\t\t\t\t\t<div class=\"button-wrap\">\n\t\t\t<div class=\"icon-box-button\">> Zum Massage Angebot<\/div>\t\t<\/div>\n\t\t\t\t\t<\/div>\n\t\t<\/div>\n\n\t\t<\/a>\t\t\t\t\t\t<\/div>\n\t\t\t\t<\/div>\n\t\t\t\t\t<\/div>\n\t\t<\/div>\n\t\t\t\t<div class=\"elementor-column elementor-col-50 elementor-inner-column elementor-element elementor-element-09a2623\" data-id=\"09a2623\" data-element_type=\"column\">\n\t\t\t<div class=\"elementor-widget-wrap elementor-element-populated\">\n\t\t\t\t\t\t<div class=\"elementor-element elementor-element-c5402e0 billey-view-default elementor-position-top elementor-widget elementor-widget-tm-icon-box\" data-id=\"c5402e0\" data-element_type=\"widget\" data-widget_type=\"tm-icon-box.default\">\n\t\t\t\t<div class=\"elementor-widget-container\">\n\t\t\t\t\t\t\t<a class=\"tm-icon-box link-secret\" href=\"https:\/\/hit-the-sky.at\/en\/wohnzimmer\/\">\n\t\t<div class=\"icon-box-wrapper\">\n\t\t\t\t\t<div class=\"billey-icon-wrap\">\n\t\t\t<div class=\"billey-icon-view first\">\n\t\t\t\t<div class=\"billey-icon-view-inner\">\n\t\t\t\t\t\n\t\t\t\t\t<div class=\"billey-icon icon billey-solid-icon\">\n\t\t\t\t\t\t<i aria-hidden=\"true\" class=\"fa-regular fa-fire-flame\"><\/i>\t\t\t\t\t<\/div>\n\t\t\t\t<\/div>\n\t\t\t<\/div>\n\n\t\t\t\t\t<\/div>\n\t\t\n\t\t\t<div class=\"icon-box-content\">\n\t\t\t\t\t\t<div class=\"heading-wrap\">\n\t\t\t<h3 class=\"heading\">Sauna<\/h3>\n\t\t\t\t\t<\/div>\n\t\t\n\t\t\t\t\t\t<div class=\"description-wrap\">\n\t\t\t<div class=\"description\">\n\t\t\t\tHei\u00df statt Eis: In unserer finnischen Sauna w\u00e4rmst Du Dich nach einem Tag im Schnee sicher schnell wieder auf. Deine pers\u00f6nliche Saunatasche mit Bademantel steht an der Rezeption schon bereit.\t\t\t<\/div>\n\t\t<\/div>\n\t\t\n\t\t\t\t\t\t\t<\/div>\n\t\t<\/div>\n\n\t\t<\/a>\t\t\t\t\t\t<\/div>\n\t\t\t\t<\/div>\n\t\t\t\t<div class=\"elementor-element elementor-element-daca542 billey-view-default elementor-position-top elementor-widget elementor-widget-tm-icon-box\" data-id=\"daca542\" data-element_type=\"widget\" data-widget_type=\"tm-icon-box.default\">\n\t\t\t\t<div class=\"elementor-widget-container\">\n\t\t\t\t\t\t\t<a class=\"tm-icon-box link-secret\" href=\"https:\/\/hit-the-sky.at\/en\/wohnzimmer\/\">\n\t\t<div class=\"icon-box-wrapper\">\n\t\t\t\t\t<div class=\"billey-icon-wrap\">\n\t\t\t<div class=\"billey-icon-view first\">\n\t\t\t\t<div class=\"billey-icon-view-inner\">\n\t\t\t\t\t\n\t\t\t\t\t<div class=\"billey-icon icon billey-solid-icon\">\n\t\t\t\t\t\t<i aria-hidden=\"true\" class=\"fa-regular fa-face-grin-stars\"><\/i>\t\t\t\t\t<\/div>\n\t\t\t\t<\/div>\n\t\t\t<\/div>\n\n\t\t\t\t\t<\/div>\n\t\t\n\t\t\t<div class=\"icon-box-content\">\n\t\t\t\t\t\t<div class=\"heading-wrap\">\n\t\t\t<h3 class=\"heading\">Ruheraum<\/h3>\n\t\t\t\t\t<\/div>\n\t\t\n\t\t\t\t\t\t<div class=\"description-wrap\">\n\t\t\t<div class=\"description\">\n\t\t\t\tGedimmtes Licht und angenehmer Duft: In unserem Ruheraum relaxt Du nach dem Schwimmen oder dem Saunagang. Danach bist Du fit f\u00fcr eine lange Nacht im gr\u00f6\u00dften Wohnzimmer der Alpen.\t\t\t<\/div>\n\t\t<\/div>\n\t\t\n\t\t\t\t\t\t<div class=\"button-wrap\">\n\t\t\t<div class=\"icon-box-button\">> Zum Wohnzimmer<\/div>\t\t<\/div>\n\t\t\t\t\t<\/div>\n\t\t<\/div>\n\n\t\t<\/a>\t\t\t\t\t\t<\/div>\n\t\t\t\t<\/div>\n\t\t\t\t\t<\/div>\n\t\t<\/div>\n\t\t\t\t\t<\/div>\n\t\t<\/section>\n\t\t\t\t<div class=\"elementor-element elementor-element-0ddb602 elementor-widget elementor-widget-spacer\" data-id=\"0ddb602\" data-element_type=\"widget\" data-widget_type=\"spacer.default\">\n\t\t\t\t<div class=\"elementor-widget-container\">\n\t\t\t\t\t\t\t<div class=\"elementor-spacer\">\n\t\t\t<div class=\"elementor-spacer-inner\"><\/div>\n\t\t<\/div>\n\t\t\t\t\t\t<\/div>\n\t\t\t\t<\/div>\n\t\t\t\t<div class=\"elementor-element elementor-element-a6a8b8e elementor-widget elementor-widget-text-editor\" data-id=\"a6a8b8e\" data-element_type=\"widget\" data-widget_type=\"text-editor.default\">\n\t\t\t\t<div class=\"elementor-widget-container\">\n\t\t\t\t\t\t\t\t\t<p style=\"text-align: center;\"><span style=\"letter-spacing: 0em;\">Du willst die l\u00e4ssige Gastfreundschaft des Zebras und das Wohnzimmer-Feeling kennenlernen? Dann sichere Dir Dein Zimmer auf 1.800 Metern\u00a0<\/span><span style=\"letter-spacing: 0em;\">direkt an der Piste in St. Christoph am Arlberg<\/span><span style=\"letter-spacing: 0em;\">. Wir freuen uns auf Dich!<\/span><\/p>\t\t\t\t\t\t\t\t<\/div>\n\t\t\t\t<\/div>\n\t\t\t\t<div class=\"elementor-element elementor-element-30dafd3 elementor-widget__width-inherit elementor-align-center elementor-invisible elementor-widget elementor-widget-tm-button\" data-id=\"30dafd3\" data-element_type=\"widget\" data-settings=\"{&quot;_animation&quot;:&quot;fadeIn&quot;}\" data-widget_type=\"tm-button.default\">\n\t\t\t\t<div class=\"elementor-widget-container\">\n\t\t\t\t\t\t\t<div class=\"tm-button-wrapper\">\n\t\t\t<a href=\"https:\/\/booking.hit-the-sky.at\/websLINE-ABM\/homepage\/booking\/index\/de\" target=\"_blank\" class=\"tm-button-link tm-button style-flat tm-button-nm icon-\" role=\"button\">\n\t\t\t\t\t\t<div class=\"button-content-wrapper\">\n\t\t\t\n\t\t\t\t\t\t\t<span class=\"button-text\">Jetzt buchen<\/span>\n\t\t\t\n\t\t\t\t\t<\/div>\n\t\t\n\t\t\t\t\t\t\t<\/a>\n\t\t<\/div>\n\t\t\t\t\t\t<\/div>\n\t\t\t\t<\/div>\n\t\t\t\t\t<\/div>\n\t\t<\/div>\n\t\t\t\t\t<\/div>\n\t\t<\/section>\n\t\t\t\t<section class=\"elementor-section elementor-top-section elementor-element elementor-element-a37fdac elementor-section-full_width elementor-section-stretched elementor-section-height-default elementor-section-height-default elementor-section-column-vertical-align-stretch\" data-id=\"a37fdac\" data-element_type=\"section\" data-settings=\"{&quot;stretch_section&quot;:&quot;section-stretched&quot;,&quot;background_background&quot;:&quot;classic&quot;,&quot;animation&quot;:&quot;none&quot;}\">\n\t\t\t\t\t\t<div class=\"elementor-container elementor-column-gap-no\">\n\t\t\t\t\t<div class=\"elementor-column elementor-col-100 elementor-top-column elementor-element elementor-element-8e00306\" data-id=\"8e00306\" data-element_type=\"column\">\n\t\t\t<div class=\"elementor-widget-wrap elementor-element-populated\">\n\t\t\t\t\t\t<div class=\"elementor-element elementor-element-9bb2033 elementor-widget elementor-widget-image\" data-id=\"9bb2033\" data-element_type=\"widget\" data-widget_type=\"image.default\">\n\t\t\t\t<div class=\"elementor-widget-container\">\n\t\t\t\t\t\t\t\t\t\t\t\t\t\t\t<img fetchpriority=\"high\" decoding=\"async\" width=\"1280\" height=\"720\" src=\"https:\/\/hit-the-sky.at\/wp-content\/uploads\/2022\/09\/Collage_SPA.jpg\" class=\"attachment-2048x2048 size-2048x2048 wp-image-9287\" alt=\"\" srcset=\"https:\/\/hit-the-sky.at\/wp-content\/uploads\/2022\/09\/Collage_SPA.jpg 1280w, https:\/\/hit-the-sky.at\/wp-content\/uploads\/2022\/09\/Collage_SPA-300x169.jpg 300w, https:\/\/hit-the-sky.at\/wp-content\/uploads\/2022\/09\/Collage_SPA-1024x576.jpg 1024w, https:\/\/hit-the-sky.at\/wp-content\/uploads\/2022\/09\/Collage_SPA-768x432.jpg 768w, https:\/\/hit-the-sky.at\/wp-content\/uploads\/2022\/09\/Collage_SPA-18x10.jpg 18w\" sizes=\"(max-width: 1280px) 100vw, 1280px\" \/>\t\t\t\t\t\t\t\t\t\t\t\t\t\t\t<\/div>\n\t\t\t\t<\/div>\n\t\t\t\t\t<\/div>\n\t\t<\/div>\n\t\t\t\t\t<\/div>\n\t\t<\/section>\n\t\t\t\t<section class=\"elementor-section elementor-top-section elementor-element elementor-element-f4a2c28 elementor-section-stretched elementor-section-boxed elementor-section-gap-beside-yes elementor-section-height-default elementor-section-height-default elementor-section-column-vertical-align-stretch\" data-id=\"f4a2c28\" data-element_type=\"section\" data-settings=\"{&quot;stretch_section&quot;:&quot;section-stretched&quot;,&quot;background_background&quot;:&quot;classic&quot;}\">\n\t\t\t\t\t\t\t<div class=\"elementor-background-overlay\"><\/div>\n\t\t\t\t\t\t\t<div class=\"elementor-container elementor-column-gap-extended\">\n\t\t\t\t\t<div class=\"elementor-column elementor-col-100 elementor-top-column elementor-element elementor-element-b46b324\" data-id=\"b46b324\" data-element_type=\"column\">\n\t\t\t<div class=\"elementor-widget-wrap elementor-element-populated\">\n\t\t\t\t\t\t<div class=\"elementor-element elementor-element-3c67578 elementor-widget elementor-widget-tm-heading\" data-id=\"3c67578\" data-element_type=\"widget\" data-widget_type=\"tm-heading.default\">\n\t\t\t\t<div class=\"elementor-widget-container\">\n\t\t\t\t\t\t\t<div class=\"tm-modern-heading\">\n\t\t\t\n\t\t\t\t\t<div class=\"heading-primary-wrap\">\n\t\t\t<h3 class=\"heading-primary elementor-heading-title\">Du hast Fragen?<br>Das zebra antwortet!<\/h3>\t\t<\/div>\n\t\t\n\t\t\t\n\t\t\t\t\t<\/div>\n\t\t\t\t\t\t<\/div>\n\t\t\t\t<\/div>\n\t\t\t\t<div class=\"elementor-element elementor-element-81acb4f elementor-widget elementor-widget-text-editor\" data-id=\"81acb4f\" data-element_type=\"widget\" data-widget_type=\"text-editor.default\">\n\t\t\t\t<div class=\"elementor-widget-container\">\n\t\t\t\t\t\t\t\t\t<p style=\"text-align: center;\">Du willst mehr \u00fcber das SPA Angebot oder unser Massage-Angebot wissen?<br>Dann melde Dich bei uns. Unser Team beantwortet Dir (fast) alle Fragen.<\/p>\t\t\t\t\t\t\t\t<\/div>\n\t\t\t\t<\/div>\n\t\t\t\t<div class=\"elementor-element elementor-element-562101d elementor-widget__width-inherit elementor-align-center elementor-widget elementor-widget-tm-button\" data-id=\"562101d\" data-element_type=\"widget\" data-widget_type=\"tm-button.default\">\n\t\t\t\t<div class=\"elementor-widget-container\">\n\t\t\t\t\t\t\t<div class=\"tm-button-wrapper\">\n\t\t\t<a href=\"https:\/\/hit-the-sky.at\/kontakt\/\" class=\"tm-button-link tm-button style-flat tm-button-nm icon-\" role=\"button\">\n\t\t\t\t\t\t<div class=\"button-content-wrapper\">\n\t\t\t\n\t\t\t\t\t\t\t<span class=\"button-text\">Schreib uns<\/span>\n\t\t\t\n\t\t\t\t\t<\/div>\n\t\t\n\t\t\t\t\t\t\t<\/a>\n\t\t<\/div>\n\t\t\t\t\t\t<\/div>\n\t\t\t\t<\/div>\n\t\t\t\t\t<\/div>\n\t\t<\/div>\n\t\t\t\t\t<\/div>\n\t\t<\/section>\n\t\t\t\t<div class=\"elementor-section elementor-top-section elementor-element elementor-element-722c414 elementor-section-full_width elementor-section-height-default elementor-section-height-default elementor-section-content-align-center elementor-section-column-vertical-align-stretch\" data-id=\"722c414\" data-element_type=\"section\" data-settings=\"{&quot;background_background&quot;:&quot;classic&quot;}\">\n\t\t\t\t\t\t<div class=\"elementor-container elementor-column-gap-no\">\n\t\t\t\t\t<div class=\"elementor-column elementor-col-100 elementor-top-column elementor-element elementor-element-a6f20cb\" data-id=\"a6f20cb\" data-element_type=\"column\">\n\t\t\t<div class=\"elementor-widget-wrap elementor-element-populated\">\n\t\t\t\t\t\t<div class=\"elementor-element elementor-element-a7460ce elementor-align-center elementor-widget__width-initial elementor-fixed elementor-hidden-phone elementor-invisible elementor-widget elementor-widget-tm-button\" data-id=\"a7460ce\" data-element_type=\"widget\" data-settings=\"{&quot;_animation&quot;:&quot;fadeIn&quot;,&quot;_animation_delay&quot;:1500,&quot;_position&quot;:&quot;fixed&quot;}\" data-widget_type=\"tm-button.default\">\n\t\t\t\t<div class=\"elementor-widget-container\">\n\t\t\t\t\t\t\t<div class=\"tm-button-wrapper\">\n\t\t\t<a href=\"https:\/\/booking.hit-the-sky.at\/websLINE-ABM\/homepage\/booking\/index\/de\" class=\"tm-button-link tm-button style-flat tm-button-nm icon-\" role=\"button\">\n\t\t\t\t\t\t<div class=\"button-content-wrapper\">\n\t\t\t\n\t\t\t\t\t\t\t<span class=\"button-text\">Jetzt buchen<\/span>\n\t\t\t\n\t\t\t\t\t<\/div>\n\t\t\n\t\t\t\t\t\t\t<\/a>\n\t\t<\/div>\n\t\t\t\t\t\t<\/div>\n\t\t\t\t<\/div>\n\t\t\t\t<div class=\"elementor-element elementor-element-05597a0 elementor-align-center elementor-widget__width-initial elementor-fixed elementor-mobile-align-center elementor-hidden-desktop elementor-hidden-tablet elementor-invisible elementor-widget elementor-widget-tm-button\" data-id=\"05597a0\" data-element_type=\"widget\" data-settings=\"{&quot;_animation&quot;:&quot;fadeIn&quot;,&quot;_animation_delay&quot;:1500,&quot;_position&quot;:&quot;fixed&quot;}\" data-widget_type=\"tm-button.default\">\n\t\t\t\t<div class=\"elementor-widget-container\">\n\t\t\t\t\t\t\t<div class=\"tm-button-wrapper\">\n\t\t\t<a href=\"https:\/\/booking.hit-the-sky.at\/websLINE-ABM\/homepage\/booking\/index\/de\" target=\"_blank\" class=\"tm-button-link tm-button style-flat tm-button-xs icon-\" role=\"button\">\n\t\t\t\t\t\t<div class=\"button-content-wrapper\">\n\t\t\t\n\t\t\t\t\t\t\t<span class=\"button-text\">Jetzt buchen<\/span>\n\t\t\t\n\t\t\t\t\t<\/div>\n\t\t\n\t\t\t\t\t\t\t<\/a>\n\t\t<\/div>\n\t\t\t\t\t\t<\/div>\n\t\t\t\t<\/div>\n\t\t\t\t\t<\/div>\n\t\t<\/div>\n\t\t\t\t\t<\/div>\n\t\t<\/div>\n\t\t\t\t<\/div>\n\t\t","protected":false},"excerpt":{"rendered":"<p>Entspannung nach der Piste? M\u00fcde Glieder nach unz\u00e4hligen Abfahrten am Arlberg? Ab in unseren Spa-Bereich! Lass Dich auf einem Flamingo durch den beheizten Indoor-Pool treiben und genie\u00dfe den Blick auf die verschneiten H\u00e4nge des Arlbergs. Entspanne in unserer finnischen Sauna und relaxe anschlie\u00dfend bei gedimmtem Licht in unserem Ruhebereich. Massage gef\u00e4llig? Von Hot Stone bis Aromatherapie bieten wir Dir eine gro\u00dfe Auswahl an Behandlungen, die Deinen Skitag perfekt abrunden. Dein SPA auf 1800 Meter\u200b! Schwimmbad Nach dem Skitag ist Pool-Time. In unserem beheizten Indoor-Schwimmbad kannst Du ausreichend Energie f\u00fcr Deine n\u00e4chsten Skitage tanken. Massage Du sp\u00fcrst die Abfahrten und den Tiefschnee in den Muskeln? Eine Massage macht Dich fit f\u00fcr den n\u00e4chsten Skitag am Arlberg. Schau doch mal in unser Massage Angebot: > Zum Massage Angebot Sauna Hei\u00df statt Eis: In unserer finnischen Sauna w\u00e4rmst Du Dich nach einem Tag im Schnee sicher schnell wieder auf. Deine pers\u00f6nliche Saunatasche mit Bademantel steht an der Rezeption schon bereit. Ruheraum Gedimmtes Licht und angenehmer Duft: In unserem Ruheraum relaxt Du nach dem Schwimmen oder dem Saunagang. Danach bist Du fit f\u00fcr eine lange Nacht im gr\u00f6\u00dften Wohnzimmer der Alpen. > Zum Wohnzimmer Du willst die l\u00e4ssige Gastfreundschaft des Zebras und das Wohnzimmer-Feeling kennenlernen? Dann sichere Dir Dein Zimmer auf 1.800 Metern\u00a0direkt an der Piste in St. Christoph am Arlberg. Wir freuen uns auf Dich! Jetzt buchen Du hast Fragen?Das zebra antwortet! Du willst mehr \u00fcber das SPA Angebot oder unser Massage-Angebot wissen?Dann melde Dich bei uns. Unser Team beantwortet Dir (fast) alle Fragen. Schreib uns Jetzt buchen Jetzt buchen<\/p>","protected":false},"author":2,"featured_media":0,"parent":0,"menu_order":0,"comment_status":"closed","ping_status":"closed","template":"","meta":{"footnotes":""},"class_list":["post-9282","page","type-page","status-publish","hentry","post-no-thumbnail"],"_links":{"self":[{"href":"https:\/\/hit-the-sky.at\/en\/wp-json\/wp\/v2\/pages\/9282","targetHints":{"allow":["GET"]}}],"collection":[{"href":"https:\/\/hit-the-sky.at\/en\/wp-json\/wp\/v2\/pages"}],"about":[{"href":"https:\/\/hit-the-sky.at\/en\/wp-json\/wp\/v2\/types\/page"}],"author":[{"embeddable":true,"href":"https:\/\/hit-the-sky.at\/en\/wp-json\/wp\/v2\/users\/2"}],"replies":[{"embeddable":true,"href":"https:\/\/hit-the-sky.at\/en\/wp-json\/wp\/v2\/comments?post=9282"}],"version-history":[{"count":70,"href":"https:\/\/hit-the-sky.at\/en\/wp-json\/wp\/v2\/pages\/9282\/revisions"}],"predecessor-version":[{"id":10394,"href":"https:\/\/hit-the-sky.at\/en\/wp-json\/wp\/v2\/pages\/9282\/revisions\/10394"}],"wp:attachment":[{"href":"https:\/\/hit-the-sky.at\/en\/wp-json\/wp\/v2\/media?parent=9282"}],"curies":[{"name":"wp","href":"https:\/\/api.w.org\/{rel}","templated":true}]}}